{"id":23,"date":"2019-06-01T18:09:50","date_gmt":"2019-06-01T16:09:50","guid":{"rendered":"https:\/\/www.venicerealty.eu\/home\/"},"modified":"2020-04-24T19:23:58","modified_gmt":"2020-04-24T17:23:58","slug":"home","status":"publish","type":"page","link":"https:\/\/www.venicerealty.eu\/fr\/","title":{"rendered":"Home"},"content":{"rendered":"<div class=\"fusion-fullwidth fullwidth-box fusion-builder-row-1 nonhundred-percent-fullwidth non-hundred-percent-height-scrolling\" style=\"--awb-border-radius-top-left:0px;--awb-border-radius-top-right:0px;--awb-border-radius-bottom-right:0px;--awb-border-radius-bottom-left:0px;--awb-background-color:#231f20;--awb-flex-wrap:wrap;\" ><div class=\"fusion-builder-row fusion-row\"><div class=\"fusion-layout-column fusion_builder_column fusion-builder-column-0 fusion_builder_column_1_1 1_1 fusion-one-full fusion-column-first fusion-column-last\" style=\"--awb-bg-size:cover;\"><div class=\"fusion-column-wrapper fusion-column-has-shadow fusion-flex-column-wrapper-legacy\"><div class=\"fusion-sep-clear\"><\/div><div class=\"fusion-separator fusion-full-width-sep\" style=\"margin-left: auto;margin-right: auto;margin-top:20px;margin-bottom:20px;width:100%;\"><\/div><div class=\"fusion-sep-clear\"><\/div><div class=\"fusion-text fusion-text-1\"><p><img decoding=\"async\" class=\" wp-image-307 alignleft\" src=\"https:\/\/www.venicerealty.eu\/wp-content\/uploads\/2020\/04\/thumbnail_WhatsApp-Image-2020-04-06-at-10.30.51-300x300.jpg\" alt=\"\" width=\"160\" height=\"160\" srcset=\"https:\/\/www.venicerealty.eu\/wp-content\/uploads\/2020\/04\/thumbnail_WhatsApp-Image-2020-04-06-at-10.30.51-66x66.jpg 66w, https:\/\/www.venicerealty.eu\/wp-content\/uploads\/2020\/04\/thumbnail_WhatsApp-Image-2020-04-06-at-10.30.51-150x150.jpg 150w, https:\/\/www.venicerealty.eu\/wp-content\/uploads\/2020\/04\/thumbnail_WhatsApp-Image-2020-04-06-at-10.30.51-200x200.jpg 200w, https:\/\/www.venicerealty.eu\/wp-content\/uploads\/2020\/04\/thumbnail_WhatsApp-Image-2020-04-06-at-10.30.51-300x300.jpg 300w, https:\/\/www.venicerealty.eu\/wp-content\/uploads\/2020\/04\/thumbnail_WhatsApp-Image-2020-04-06-at-10.30.51-400x400.jpg 400w, https:\/\/www.venicerealty.eu\/wp-content\/uploads\/2020\/04\/thumbnail_WhatsApp-Image-2020-04-06-at-10.30.51-600x600.jpg 600w, https:\/\/www.venicerealty.eu\/wp-content\/uploads\/2020\/04\/thumbnail_WhatsApp-Image-2020-04-06-at-10.30.51.jpg 660w\" sizes=\"(max-width: 160px) 100vw, 160px\" \/>Venise est l&rsquo;une des plus belles villes du monde qui continue \u00e0 am\u00e9liorer ses actifs immobiliers d&rsquo;ann\u00e9e en ann\u00e9e. Cependant, dans son \u00e9l\u00e9gance, il y a beaucoup de difficult\u00e9s, objectives et bureaucratiques.<\/p>\n<p>C\u2019est pourquoi il est essentiel que votre d\u00e9sir d\u2019investir dans cette ville se concr\u00e9tise avec le meilleur choix possible, appuy\u00e9 par un professionnel qui sait apprendre de ses connaissances et de ses comp\u00e9tences.<\/p>\n<p>Appelez-moi, m\u00eame pour des informations simples, et pour savoir ce qui est en plus des annonces sur le site.<\/p>\n<\/div><div class=\"fusion-clearfix\"><\/div><\/div><\/div><\/div><\/div>\n","protected":false},"excerpt":{"rendered":"","protected":false},"author":1,"featured_media":0,"parent":0,"menu_order":0,"comment_status":"closed","ping_status":"closed","template":"","meta":{"footnotes":""},"class_list":["post-23","page","type-page","status-publish","hentry"],"_links":{"self":[{"href":"https:\/\/www.venicerealty.eu\/fr\/wp-json\/wp\/v2\/pages\/23","targetHints":{"allow":["GET"]}}],"collection":[{"href":"https:\/\/www.venicerealty.eu\/fr\/wp-json\/wp\/v2\/pages"}],"about":[{"href":"https:\/\/www.venicerealty.eu\/fr\/wp-json\/wp\/v2\/types\/page"}],"author":[{"embeddable":true,"href":"https:\/\/www.venicerealty.eu\/fr\/wp-json\/wp\/v2\/users\/1"}],"replies":[{"embeddable":true,"href":"https:\/\/www.venicerealty.eu\/fr\/wp-json\/wp\/v2\/comments?post=23"}],"version-history":[{"count":7,"href":"https:\/\/www.venicerealty.eu\/fr\/wp-json\/wp\/v2\/pages\/23\/revisions"}],"predecessor-version":[{"id":316,"href":"https:\/\/www.venicerealty.eu\/fr\/wp-json\/wp\/v2\/pages\/23\/revisions\/316"}],"wp:attachment":[{"href":"https:\/\/www.venicerealty.eu\/fr\/wp-json\/wp\/v2\/media?parent=23"}],"curies":[{"name":"wp","href":"https:\/\/api.w.org\/{rel}","templated":true}]}}