{"id":248,"date":"2019-07-04T20:59:19","date_gmt":"2019-07-04T18:59:19","guid":{"rendered":"https:\/\/www.venicerealty.eu\/locazioni-turistiche\/"},"modified":"2023-07-03T18:47:50","modified_gmt":"2023-07-03T16:47:50","slug":"location-turistique","status":"publish","type":"page","link":"https:\/\/www.venicerealty.eu\/fr\/location-turistique\/","title":{"rendered":"Location Turistique"},"content":{"rendered":"<div class=\"fusion-fullwidth fullwidth-box fusion-builder-row-1 nonhundred-percent-fullwidth non-hundred-percent-height-scrolling\" style=\"--awb-border-radius-top-left:0px;--awb-border-radius-top-right:0px;--awb-border-radius-bottom-right:0px;--awb-border-radius-bottom-left:0px;--awb-background-color:#231f20;--awb-flex-wrap:wrap;\" ><div class=\"fusion-builder-row fusion-row\"><div class=\"fusion-layout-column fusion_builder_column fusion-builder-column-0 fusion_builder_column_1_1 1_1 fusion-one-full fusion-column-first fusion-column-last\" style=\"--awb-bg-size:cover;\"><div class=\"fusion-column-wrapper fusion-column-has-shadow fusion-flex-column-wrapper-legacy\"><div class=\"fusion-text fusion-text-1\"><p>Le studio est bas\u00e9 \u00e0 San Marco 4624 et offre tous les services professionnels, techniques et fiscaux destin\u00e9s \u00e0 la location touristique de votre propri\u00e9t\u00e9. Dans le studio, une s\u00e9rie de professionnels qualifi\u00e9s (agent immobilier, m\u00e9decin et comptable) travaillent dans le but de cr\u00e9er les meilleures conditions pour am\u00e9liorer et g\u00e9rer votre investissement, par le biais de:<\/p>\n<p>&#8211; Gestion des proc\u00e9dures bureaucratiques conform\u00e9ment \u00e0 la loi r\u00e9gionale sur le tourisme en vigueur<\/p>\n<p>&#8211; Fonds de commerce et activit\u00e9s touristiques<\/p>\n<p>&#8211; Marketing immobilier international et publicit\u00e9<\/p>\n<p>&#8211; Conseils fiscaux li\u00e9s \u00e0 l&rsquo;activit\u00e9 de location touristique<\/p>\n<\/div><div class=\"fusion-clearfix\"><\/div><\/div><\/div><\/div><\/div>\n","protected":false},"excerpt":{"rendered":"","protected":false},"author":1,"featured_media":0,"parent":0,"menu_order":0,"comment_status":"closed","ping_status":"closed","template":"","meta":{"footnotes":""},"class_list":["post-248","page","type-page","status-publish","hentry"],"_links":{"self":[{"href":"https:\/\/www.venicerealty.eu\/fr\/wp-json\/wp\/v2\/pages\/248","targetHints":{"allow":["GET"]}}],"collection":[{"href":"https:\/\/www.venicerealty.eu\/fr\/wp-json\/wp\/v2\/pages"}],"about":[{"href":"https:\/\/www.venicerealty.eu\/fr\/wp-json\/wp\/v2\/types\/page"}],"author":[{"embeddable":true,"href":"https:\/\/www.venicerealty.eu\/fr\/wp-json\/wp\/v2\/users\/1"}],"replies":[{"embeddable":true,"href":"https:\/\/www.venicerealty.eu\/fr\/wp-json\/wp\/v2\/comments?post=248"}],"version-history":[{"count":7,"href":"https:\/\/www.venicerealty.eu\/fr\/wp-json\/wp\/v2\/pages\/248\/revisions"}],"predecessor-version":[{"id":351,"href":"https:\/\/www.venicerealty.eu\/fr\/wp-json\/wp\/v2\/pages\/248\/revisions\/351"}],"wp:attachment":[{"href":"https:\/\/www.venicerealty.eu\/fr\/wp-json\/wp\/v2\/media?parent=248"}],"curies":[{"name":"wp","href":"https:\/\/api.w.org\/{rel}","templated":true}]}}