{"id":36,"date":"2019-06-02T10:30:33","date_gmt":"2019-06-02T08:30:33","guid":{"rendered":"https:\/\/www.venicerealty.eu\/chi-siamo\/"},"modified":"2023-07-03T18:51:16","modified_gmt":"2023-07-03T16:51:16","slug":"profil","status":"publish","type":"page","link":"https:\/\/www.venicerealty.eu\/fr\/profil\/","title":{"rendered":"Profil"},"content":{"rendered":"<div class=\"fusion-fullwidth fullwidth-box fusion-builder-row-1 nonhundred-percent-fullwidth non-hundred-percent-height-scrolling\" style=\"--awb-border-radius-top-left:0px;--awb-border-radius-top-right:0px;--awb-border-radius-bottom-right:0px;--awb-border-radius-bottom-left:0px;--awb-background-color:#231f20;--awb-flex-wrap:wrap;\" ><div class=\"fusion-builder-row fusion-row\"><div class=\"fusion-layout-column fusion_builder_column fusion-builder-column-0 fusion_builder_column_1_3 1_3 fusion-one-third fusion-column-first\" style=\"--awb-bg-color:#231f20;--awb-bg-color-hover:#231f20;--awb-bg-size:cover;width:33.333333333333%;width:calc(33.333333333333% - ( ( 4% ) * 0.33333333333333 ) );margin-right: 4%;\"><div class=\"fusion-column-wrapper fusion-column-has-shadow fusion-flex-column-wrapper-legacy\"><div class=\"fusion-image-element in-legacy-container\" style=\"--awb-caption-title-font-family:var(--h2_typography-font-family);--awb-caption-title-font-weight:var(--h2_typography-font-weight);--awb-caption-title-font-style:var(--h2_typography-font-style);--awb-caption-title-size:var(--h2_typography-font-size);--awb-caption-title-transform:var(--h2_typography-text-transform);--awb-caption-title-line-height:var(--h2_typography-line-height);--awb-caption-title-letter-spacing:var(--h2_typography-letter-spacing);\"><span class=\" fusion-imageframe imageframe-none imageframe-1 hover-type-none\"><img decoding=\"async\" width=\"768\" height=\"1024\" title=\"mazzuccato\" src=\"https:\/\/www.venicerealty.eu\/wp-content\/uploads\/2023\/07\/mazzuccato.jpg\" alt class=\"img-responsive wp-image-339\" srcset=\"https:\/\/www.venicerealty.eu\/wp-content\/uploads\/2023\/07\/mazzuccato-200x267.jpg 200w, https:\/\/www.venicerealty.eu\/wp-content\/uploads\/2023\/07\/mazzuccato-400x533.jpg 400w, https:\/\/www.venicerealty.eu\/wp-content\/uploads\/2023\/07\/mazzuccato-600x800.jpg 600w, https:\/\/www.venicerealty.eu\/wp-content\/uploads\/2023\/07\/mazzuccato.jpg 768w\" sizes=\"(max-width: 800px) 100vw, 400px\" \/><\/span><\/div><div class=\"fusion-clearfix\"><\/div><\/div><\/div><div class=\"fusion-layout-column fusion_builder_column fusion-builder-column-1 fusion_builder_column_2_3 2_3 fusion-two-third fusion-column-last\" style=\"--awb-bg-color:#231f20;--awb-bg-color-hover:#231f20;--awb-bg-size:cover;width:66.666666666667%;width:calc(66.666666666667% - ( ( 4% ) * 0.66666666666667 ) );\"><div class=\"fusion-column-wrapper fusion-column-has-shadow fusion-flex-column-wrapper-legacy\"><div class=\"fusion-sep-clear\"><\/div><div class=\"fusion-separator fusion-full-width-sep\" style=\"margin-left: auto;margin-right: auto;margin-top:80px;width:100%;\"><\/div><div class=\"fusion-sep-clear\"><\/div><div class=\"fusion-text fusion-text-1\"><p>Mon nom est Cristian Mazzucato Je suis n\u00e9 et j&rsquo;ai grandi \u00e0 Venise, agent commercial en m\u00e9diation aupr\u00e8s de la Chambre de commerce de Venise.Son entreprise est bas\u00e9e \u00e0 San Marco 4624, au c\u0153ur du centre historique de la ville de Venise, sp\u00e9cialis\u00e9e dans le conseil aux entreprises et le courtage. immobilier.<\/p>\n<p>Le plus grand professionnalisme et la mise \u00e0 jour constante de la l\u00e9gislation immobili\u00e8re visent \u00e0 \u00e9tablir une relation de confiance et de collaboration avec le client. Venise est la plus grande ville du monde, mais il y a des surprises et des choses \u00e0 savoir avant d&rsquo;investir ici.<\/p>\n<p>C&rsquo;est pourquoi il est essentiel que vous fassiez le meilleur choix aux c\u00f4t\u00e9s d&rsquo;un professionnel qui saura apprendre de ses connaissances et de ses contacts.<\/p>\n<\/div><div class=\"fusion-clearfix\"><\/div><\/div><\/div><\/div><\/div>\n","protected":false},"excerpt":{"rendered":"","protected":false},"author":1,"featured_media":0,"parent":0,"menu_order":0,"comment_status":"closed","ping_status":"closed","template":"","meta":{"footnotes":""},"class_list":["post-36","page","type-page","status-publish","hentry"],"_links":{"self":[{"href":"https:\/\/www.venicerealty.eu\/fr\/wp-json\/wp\/v2\/pages\/36","targetHints":{"allow":["GET"]}}],"collection":[{"href":"https:\/\/www.venicerealty.eu\/fr\/wp-json\/wp\/v2\/pages"}],"about":[{"href":"https:\/\/www.venicerealty.eu\/fr\/wp-json\/wp\/v2\/types\/page"}],"author":[{"embeddable":true,"href":"https:\/\/www.venicerealty.eu\/fr\/wp-json\/wp\/v2\/users\/1"}],"replies":[{"embeddable":true,"href":"https:\/\/www.venicerealty.eu\/fr\/wp-json\/wp\/v2\/comments?post=36"}],"version-history":[{"count":8,"href":"https:\/\/www.venicerealty.eu\/fr\/wp-json\/wp\/v2\/pages\/36\/revisions"}],"predecessor-version":[{"id":359,"href":"https:\/\/www.venicerealty.eu\/fr\/wp-json\/wp\/v2\/pages\/36\/revisions\/359"}],"wp:attachment":[{"href":"https:\/\/www.venicerealty.eu\/fr\/wp-json\/wp\/v2\/media?parent=36"}],"curies":[{"name":"wp","href":"https:\/\/api.w.org\/{rel}","templated":true}]}}