{"id":63,"date":"2019-06-02T12:17:47","date_gmt":"2019-06-02T10:17:47","guid":{"rendered":"https:\/\/www.venicerealty.eu\/attivita-commerciali\/"},"modified":"2023-07-03T18:47:26","modified_gmt":"2023-07-03T16:47:26","slug":"activite-comerciale","status":"publish","type":"page","link":"https:\/\/www.venicerealty.eu\/fr\/activite-comerciale\/","title":{"rendered":"Activite Comerciale"},"content":{"rendered":"<div class=\"fusion-fullwidth fullwidth-box fusion-builder-row-1 nonhundred-percent-fullwidth non-hundred-percent-height-scrolling\" style=\"--awb-border-radius-top-left:0px;--awb-border-radius-top-right:0px;--awb-border-radius-bottom-right:0px;--awb-border-radius-bottom-left:0px;--awb-background-color:#231f20;--awb-flex-wrap:wrap;\" ><div class=\"fusion-builder-row fusion-row\"><div class=\"fusion-layout-column fusion_builder_column fusion-builder-column-0 fusion_builder_column_1_1 1_1 fusion-one-full fusion-column-first fusion-column-last\" style=\"--awb-bg-color:#231f20;--awb-bg-color-hover:#231f20;--awb-bg-size:cover;\"><div class=\"fusion-column-wrapper fusion-column-has-shadow fusion-flex-column-wrapper-legacy\"><div class=\"fusion-text fusion-text-1\"><p>La soci\u00e9t\u00e9 est bas\u00e9e \u00e0 San Marco 4624 et offre tous les services professionnels, techniques et fiscaux destin\u00e9s \u00e0 l\u2019achat ou \u00e0 la vente d\u2019une activit\u00e9 commerciale. Un certain nombre de professionnels qualifi\u00e9s (m\u00e9decins et comptables) exercent leurs activit\u00e9s au sein du cabinet dans le but de cr\u00e9er les meilleures conditions pour am\u00e9liorer et prot\u00e9ger les investissements commerciaux du client, par les moyens suivants:<\/p>\n<p>\u2013 Evaluation d&rsquo;entreprise et analyse de march\u00e9<br \/>\n\u2013 Assistance contractuelle depuis la proposition d&rsquo;achat jusqu&rsquo;au transfert final.<br \/>\n\u2013 Gestion de location de soci\u00e9t\u00e9<br \/>\n\u2013 Conseil fiscal pour la vente \/ l&rsquo;achat d&rsquo;activit\u00e9s commerciales.<br \/>\n\u2013 Marketing web pour attirer des clients.<\/p>\n<\/div><div class=\"fusion-clearfix\"><\/div><\/div><\/div><\/div><\/div>\n","protected":false},"excerpt":{"rendered":"","protected":false},"author":1,"featured_media":0,"parent":0,"menu_order":0,"comment_status":"closed","ping_status":"closed","template":"","meta":{"footnotes":""},"class_list":["post-63","page","type-page","status-publish","hentry"],"_links":{"self":[{"href":"https:\/\/www.venicerealty.eu\/fr\/wp-json\/wp\/v2\/pages\/63","targetHints":{"allow":["GET"]}}],"collection":[{"href":"https:\/\/www.venicerealty.eu\/fr\/wp-json\/wp\/v2\/pages"}],"about":[{"href":"https:\/\/www.venicerealty.eu\/fr\/wp-json\/wp\/v2\/types\/page"}],"author":[{"embeddable":true,"href":"https:\/\/www.venicerealty.eu\/fr\/wp-json\/wp\/v2\/users\/1"}],"replies":[{"embeddable":true,"href":"https:\/\/www.venicerealty.eu\/fr\/wp-json\/wp\/v2\/comments?post=63"}],"version-history":[{"count":5,"href":"https:\/\/www.venicerealty.eu\/fr\/wp-json\/wp\/v2\/pages\/63\/revisions"}],"predecessor-version":[{"id":350,"href":"https:\/\/www.venicerealty.eu\/fr\/wp-json\/wp\/v2\/pages\/63\/revisions\/350"}],"wp:attachment":[{"href":"https:\/\/www.venicerealty.eu\/fr\/wp-json\/wp\/v2\/media?parent=63"}],"curies":[{"name":"wp","href":"https:\/\/api.w.org\/{rel}","templated":true}]}}