{"id":70,"date":"2019-06-02T12:22:51","date_gmt":"2019-06-02T10:22:51","guid":{"rendered":"https:\/\/www.venicerealty.eu\/servizi\/ristrutturazioni\/"},"modified":"2023-07-03T18:48:14","modified_gmt":"2023-07-03T16:48:14","slug":"ristruturation","status":"publish","type":"page","link":"https:\/\/www.venicerealty.eu\/fr\/ristruturation\/","title":{"rendered":"Ristruturation"},"content":{"rendered":"<div class=\"fusion-fullwidth fullwidth-box fusion-builder-row-1 nonhundred-percent-fullwidth non-hundred-percent-height-scrolling\" style=\"--awb-border-radius-top-left:0px;--awb-border-radius-top-right:0px;--awb-border-radius-bottom-right:0px;--awb-border-radius-bottom-left:0px;--awb-background-color:#231f20;--awb-flex-wrap:wrap;\" ><div class=\"fusion-builder-row fusion-row\"><div class=\"fusion-layout-column fusion_builder_column fusion-builder-column-0 fusion_builder_column_1_1 1_1 fusion-one-full fusion-column-first fusion-column-last\" style=\"--awb-bg-color:#231f20;--awb-bg-color-hover:#231f20;--awb-bg-size:cover;\"><div class=\"fusion-column-wrapper fusion-column-has-shadow fusion-flex-column-wrapper-legacy\"><div class=\"fusion-text fusion-text-1\"><p>Le studio est bas\u00e9 \u00e0 San Marco 4624 et offre tous les services professionnels et techniques destin\u00e9s \u00e0 la vente ou \u00e0 l\u2019achat d\u2019un bien immobilier.<\/p>\n<p>Une s\u00e9rie de professionnels qualifi\u00e9s (agent immobilier, architectes, ing\u00e9nieur en construction, entreprise de construction) accompagnent le client tout au long du processus de construction:<\/p>\n<p>&#8211; Choix de la propri\u00e9t\u00e9<br \/>\n&#8211; L&rsquo;analyse des potentiels de transformation<br \/>\n&#8211; Une conception soign\u00e9e jusqu&rsquo;aux derni\u00e8res finitions d&rsquo;ameublement<br \/>\n&#8211; Pratiques cadastrales.<\/p>\n<\/div><div class=\"fusion-clearfix\"><\/div><\/div><\/div><\/div><\/div>\n","protected":false},"excerpt":{"rendered":"","protected":false},"author":1,"featured_media":0,"parent":0,"menu_order":0,"comment_status":"closed","ping_status":"closed","template":"","meta":{"footnotes":""},"class_list":["post-70","page","type-page","status-publish","hentry"],"_links":{"self":[{"href":"https:\/\/www.venicerealty.eu\/fr\/wp-json\/wp\/v2\/pages\/70","targetHints":{"allow":["GET"]}}],"collection":[{"href":"https:\/\/www.venicerealty.eu\/fr\/wp-json\/wp\/v2\/pages"}],"about":[{"href":"https:\/\/www.venicerealty.eu\/fr\/wp-json\/wp\/v2\/types\/page"}],"author":[{"embeddable":true,"href":"https:\/\/www.venicerealty.eu\/fr\/wp-json\/wp\/v2\/users\/1"}],"replies":[{"embeddable":true,"href":"https:\/\/www.venicerealty.eu\/fr\/wp-json\/wp\/v2\/comments?post=70"}],"version-history":[{"count":5,"href":"https:\/\/www.venicerealty.eu\/fr\/wp-json\/wp\/v2\/pages\/70\/revisions"}],"predecessor-version":[{"id":352,"href":"https:\/\/www.venicerealty.eu\/fr\/wp-json\/wp\/v2\/pages\/70\/revisions\/352"}],"wp:attachment":[{"href":"https:\/\/www.venicerealty.eu\/fr\/wp-json\/wp\/v2\/media?parent=70"}],"curies":[{"name":"wp","href":"https:\/\/api.w.org\/{rel}","templated":true}]}}